{"id":57,"date":"2021-07-28T18:35:29","date_gmt":"2021-07-28T23:05:29","guid":{"rendered":"http:\/\/bloneca.com\/?page_id=57"},"modified":"2021-08-27T08:55:26","modified_gmt":"2021-08-27T13:25:26","slug":"inicio","status":"publish","type":"page","link":"https:\/\/bloneca.com\/index.php\/inicio\/","title":{"rendered":"Nosotros"},"content":{"rendered":"<p>Bloneca fue fundada en el 2004 con la idea de atender el mercado venezolano &#x1f1fb;&#x1f1ea;\u00a0 en el \u00e1mbito del Suministro de Materiales para la Construcci\u00f3n.<\/p>\n<p>&nbsp;<\/p>\n<p>Con la idea siempre de Innovar nos dedicamos a la Fabricaci\u00f3n de Adoquines de Cemento &#x1f9f1; , los cuales cumplen con Altos Est\u00e1ndares de Calidad\u00a0 probados en distintos laboratorios &#x1f52c;.<\/p>\n<p>&nbsp;<\/p>\n<p>Contamos con una moderna Planta semi automatizada de Tecnolog\u00eda Japonesa<img decoding=\"async\" src=\"data:image\/gif;base64,R0lGODlhAQABAIAAAAAAAP\/\/\/yH5BAEAAAAALAAAAAABAAEAAAIBRAA7\" alt=\"&#x1f38c;\" \/> &#x1f1ef;&#x1f1f5; \u00a0la cual garantiza excelente resistencia y acabado de nuestros productos en comparaci\u00f3n con maquinas manuales de la competencia.<\/p>\n<p>&nbsp;<\/p>\n<figure id=\"attachment_154\" aria-describedby=\"caption-attachment-154\" style=\"width: 396px\" class=\"wp-caption aligncenter\"><img fetchpriority=\"high\" decoding=\"async\" class=\"wp-image-154\" src=\"http:\/\/bloneca.com\/wp-content\/uploads\/2021\/08\/pavers-industria-smooth-paver-paves-01078_1843_pi1-300x200.jpg\" alt=\"\" width=\"396\" height=\"264\" \/><figcaption id=\"caption-attachment-154\" class=\"wp-caption-text\">Estilo Parquet Gris de 40 x 8 x 6cm de espesor<\/figcaption><\/figure>\n<p>&nbsp;<\/p>\n<p>&nbsp;<\/p>\n<p>&nbsp;<\/p>\n<figure id=\"attachment_155\" aria-describedby=\"caption-attachment-155\" style=\"width: 377px\" class=\"wp-caption aligncenter\"><img decoding=\"async\" class=\"wp-image-155\" src=\"http:\/\/bloneca.com\/wp-content\/uploads\/2021\/08\/pavers-industria-smooth-paver-paves-01038_05_746_pi1-300x200.jpg\" alt=\"\" width=\"377\" height=\"251\" \/><figcaption id=\"caption-attachment-155\" class=\"wp-caption-text\">Estilo Parquet Gris de 40 x 8 x 6cm de espesor<\/figcaption><\/figure>\n<p>&nbsp;<\/p>\n","protected":false},"excerpt":{"rendered":"<p>Bloneca fue fundada en el 2004 con la idea de atender el mercado venezolano &#x1f1fb;&#x1f1ea;\u00a0 en el \u00e1mbito del Suministro de Materiales para la Construcci\u00f3n. &nbsp; Con la idea siempre de Innovar nos dedicamos a la Fabricaci\u00f3n de Adoquines de Cemento &#x1f9f1; , los cuales cumplen con Altos Est\u00e1ndares de Calidad\u00a0 probados en distintos laboratorios [&hellip;]<\/p>\n","protected":false},"author":1,"featured_media":0,"parent":0,"menu_order":0,"comment_status":"closed","ping_status":"closed","template":"","meta":{"inline_featured_image":false,"footnotes":""},"class_list":["post-57","page","type-page","status-publish","hentry"],"yoast_head":"<!-- This site is optimized with the Yoast SEO plugin v27.4 - https:\/\/yoast.com\/product\/yoast-seo-wordpress\/ -->\n<title>Nosotros - Bloneca<\/title>\n<meta name=\"robots\" content=\"index, follow, max-snippet:-1, max-image-preview:large, max-video-preview:-1\" \/>\n<link rel=\"canonical\" href=\"https:\/\/bloneca.com\/index.php\/inicio\/\" \/>\n<meta property=\"og:locale\" content=\"es_ES\" \/>\n<meta property=\"og:type\" content=\"article\" \/>\n<meta property=\"og:title\" content=\"Nosotros - Bloneca\" \/>\n<meta property=\"og:description\" content=\"Bloneca fue fundada en el 2004 con la idea de atender el mercado venezolano &#x1f1fb;&#x1f1ea;\u00a0 en el \u00e1mbito del Suministro de Materiales para la Construcci\u00f3n. &nbsp; Con la idea siempre de Innovar nos dedicamos a la Fabricaci\u00f3n de Adoquines de Cemento &#x1f9f1; , los cuales cumplen con Altos Est\u00e1ndares de Calidad\u00a0 probados en distintos laboratorios [&hellip;]\" \/>\n<meta property=\"og:url\" content=\"https:\/\/bloneca.com\/index.php\/inicio\/\" \/>\n<meta property=\"og:site_name\" content=\"Bloneca\" \/>\n<meta property=\"article:modified_time\" content=\"2021-08-27T13:25:26+00:00\" \/>\n<meta property=\"og:image\" content=\"http:\/\/bloneca.com\/wp-content\/uploads\/2021\/08\/pavers-industria-smooth-paver-paves-01078_1843_pi1-300x200.jpg\" \/>\n<meta name=\"twitter:card\" content=\"summary_large_image\" \/>\n<meta name=\"twitter:label1\" content=\"Tiempo estimado de lectura\" \/>\n\t<meta name=\"twitter:data1\" content=\"1 minuto\" \/>\n<script type=\"application\/ld+json\" class=\"yoast-schema-graph\">{\"@context\":\"https:\\\/\\\/schema.org\",\"@graph\":[{\"@type\":\"WebPage\",\"@id\":\"https:\\\/\\\/bloneca.com\\\/index.php\\\/inicio\\\/\",\"url\":\"https:\\\/\\\/bloneca.com\\\/index.php\\\/inicio\\\/\",\"name\":\"Nosotros - Bloneca\",\"isPartOf\":{\"@id\":\"https:\\\/\\\/bloneca.com\\\/#website\"},\"primaryImageOfPage\":{\"@id\":\"https:\\\/\\\/bloneca.com\\\/index.php\\\/inicio\\\/#primaryimage\"},\"image\":{\"@id\":\"https:\\\/\\\/bloneca.com\\\/index.php\\\/inicio\\\/#primaryimage\"},\"thumbnailUrl\":\"http:\\\/\\\/bloneca.com\\\/wp-content\\\/uploads\\\/2021\\\/08\\\/pavers-industria-smooth-paver-paves-01078_1843_pi1-300x200.jpg\",\"datePublished\":\"2021-07-28T23:05:29+00:00\",\"dateModified\":\"2021-08-27T13:25:26+00:00\",\"breadcrumb\":{\"@id\":\"https:\\\/\\\/bloneca.com\\\/index.php\\\/inicio\\\/#breadcrumb\"},\"inLanguage\":\"es\",\"potentialAction\":[{\"@type\":\"ReadAction\",\"target\":[\"https:\\\/\\\/bloneca.com\\\/index.php\\\/inicio\\\/\"]}]},{\"@type\":\"ImageObject\",\"inLanguage\":\"es\",\"@id\":\"https:\\\/\\\/bloneca.com\\\/index.php\\\/inicio\\\/#primaryimage\",\"url\":\"https:\\\/\\\/bloneca.com\\\/wp-content\\\/uploads\\\/2021\\\/08\\\/pavers-industria-smooth-paver-paves-01078_1843_pi1.jpg\",\"contentUrl\":\"https:\\\/\\\/bloneca.com\\\/wp-content\\\/uploads\\\/2021\\\/08\\\/pavers-industria-smooth-paver-paves-01078_1843_pi1.jpg\",\"width\":899,\"height\":600,\"caption\":\"Estilo Parquet Gris de 40 x 8 x 6cm de espesor\"},{\"@type\":\"BreadcrumbList\",\"@id\":\"https:\\\/\\\/bloneca.com\\\/index.php\\\/inicio\\\/#breadcrumb\",\"itemListElement\":[{\"@type\":\"ListItem\",\"position\":1,\"name\":\"Portada\",\"item\":\"https:\\\/\\\/bloneca.com\\\/\"},{\"@type\":\"ListItem\",\"position\":2,\"name\":\"Nosotros\"}]},{\"@type\":\"WebSite\",\"@id\":\"https:\\\/\\\/bloneca.com\\\/#website\",\"url\":\"https:\\\/\\\/bloneca.com\\\/\",\"name\":\"Bloneca\",\"description\":\"Adoquines para sus pisos\",\"publisher\":{\"@id\":\"https:\\\/\\\/bloneca.com\\\/#organization\"},\"potentialAction\":[{\"@type\":\"SearchAction\",\"target\":{\"@type\":\"EntryPoint\",\"urlTemplate\":\"https:\\\/\\\/bloneca.com\\\/?s={search_term_string}\"},\"query-input\":{\"@type\":\"PropertyValueSpecification\",\"valueRequired\":true,\"valueName\":\"search_term_string\"}}],\"inLanguage\":\"es\"},{\"@type\":\"Organization\",\"@id\":\"https:\\\/\\\/bloneca.com\\\/#organization\",\"name\":\"Bloneca\",\"url\":\"https:\\\/\\\/bloneca.com\\\/\",\"logo\":{\"@type\":\"ImageObject\",\"inLanguage\":\"es\",\"@id\":\"https:\\\/\\\/bloneca.com\\\/#\\\/schema\\\/logo\\\/image\\\/\",\"url\":\"https:\\\/\\\/bloneca.com\\\/wp-content\\\/uploads\\\/cropped-bloneca-logo-09-scaled-1.jpg\",\"contentUrl\":\"https:\\\/\\\/bloneca.com\\\/wp-content\\\/uploads\\\/cropped-bloneca-logo-09-scaled-1.jpg\",\"width\":2560,\"height\":1712,\"caption\":\"Bloneca\"},\"image\":{\"@id\":\"https:\\\/\\\/bloneca.com\\\/#\\\/schema\\\/logo\\\/image\\\/\"}}]}<\/script>\n<!-- \/ Yoast SEO plugin. -->","yoast_head_json":{"title":"Nosotros - Bloneca","robots":{"index":"index","follow":"follow","max-snippet":"max-snippet:-1","max-image-preview":"max-image-preview:large","max-video-preview":"max-video-preview:-1"},"canonical":"https:\/\/bloneca.com\/index.php\/inicio\/","og_locale":"es_ES","og_type":"article","og_title":"Nosotros - Bloneca","og_description":"Bloneca fue fundada en el 2004 con la idea de atender el mercado venezolano &#x1f1fb;&#x1f1ea;\u00a0 en el \u00e1mbito del Suministro de Materiales para la Construcci\u00f3n. &nbsp; Con la idea siempre de Innovar nos dedicamos a la Fabricaci\u00f3n de Adoquines de Cemento &#x1f9f1; , los cuales cumplen con Altos Est\u00e1ndares de Calidad\u00a0 probados en distintos laboratorios [&hellip;]","og_url":"https:\/\/bloneca.com\/index.php\/inicio\/","og_site_name":"Bloneca","article_modified_time":"2021-08-27T13:25:26+00:00","og_image":[{"url":"http:\/\/bloneca.com\/wp-content\/uploads\/2021\/08\/pavers-industria-smooth-paver-paves-01078_1843_pi1-300x200.jpg","type":"","width":"","height":""}],"twitter_card":"summary_large_image","twitter_misc":{"Tiempo estimado de lectura":"1 minuto"},"schema":{"@context":"https:\/\/schema.org","@graph":[{"@type":"WebPage","@id":"https:\/\/bloneca.com\/index.php\/inicio\/","url":"https:\/\/bloneca.com\/index.php\/inicio\/","name":"Nosotros - Bloneca","isPartOf":{"@id":"https:\/\/bloneca.com\/#website"},"primaryImageOfPage":{"@id":"https:\/\/bloneca.com\/index.php\/inicio\/#primaryimage"},"image":{"@id":"https:\/\/bloneca.com\/index.php\/inicio\/#primaryimage"},"thumbnailUrl":"http:\/\/bloneca.com\/wp-content\/uploads\/2021\/08\/pavers-industria-smooth-paver-paves-01078_1843_pi1-300x200.jpg","datePublished":"2021-07-28T23:05:29+00:00","dateModified":"2021-08-27T13:25:26+00:00","breadcrumb":{"@id":"https:\/\/bloneca.com\/index.php\/inicio\/#breadcrumb"},"inLanguage":"es","potentialAction":[{"@type":"ReadAction","target":["https:\/\/bloneca.com\/index.php\/inicio\/"]}]},{"@type":"ImageObject","inLanguage":"es","@id":"https:\/\/bloneca.com\/index.php\/inicio\/#primaryimage","url":"https:\/\/bloneca.com\/wp-content\/uploads\/2021\/08\/pavers-industria-smooth-paver-paves-01078_1843_pi1.jpg","contentUrl":"https:\/\/bloneca.com\/wp-content\/uploads\/2021\/08\/pavers-industria-smooth-paver-paves-01078_1843_pi1.jpg","width":899,"height":600,"caption":"Estilo Parquet Gris de 40 x 8 x 6cm de espesor"},{"@type":"BreadcrumbList","@id":"https:\/\/bloneca.com\/index.php\/inicio\/#breadcrumb","itemListElement":[{"@type":"ListItem","position":1,"name":"Portada","item":"https:\/\/bloneca.com\/"},{"@type":"ListItem","position":2,"name":"Nosotros"}]},{"@type":"WebSite","@id":"https:\/\/bloneca.com\/#website","url":"https:\/\/bloneca.com\/","name":"Bloneca","description":"Adoquines para sus pisos","publisher":{"@id":"https:\/\/bloneca.com\/#organization"},"potentialAction":[{"@type":"SearchAction","target":{"@type":"EntryPoint","urlTemplate":"https:\/\/bloneca.com\/?s={search_term_string}"},"query-input":{"@type":"PropertyValueSpecification","valueRequired":true,"valueName":"search_term_string"}}],"inLanguage":"es"},{"@type":"Organization","@id":"https:\/\/bloneca.com\/#organization","name":"Bloneca","url":"https:\/\/bloneca.com\/","logo":{"@type":"ImageObject","inLanguage":"es","@id":"https:\/\/bloneca.com\/#\/schema\/logo\/image\/","url":"https:\/\/bloneca.com\/wp-content\/uploads\/cropped-bloneca-logo-09-scaled-1.jpg","contentUrl":"https:\/\/bloneca.com\/wp-content\/uploads\/cropped-bloneca-logo-09-scaled-1.jpg","width":2560,"height":1712,"caption":"Bloneca"},"image":{"@id":"https:\/\/bloneca.com\/#\/schema\/logo\/image\/"}}]}},"_links":{"self":[{"href":"https:\/\/bloneca.com\/index.php\/wp-json\/wp\/v2\/pages\/57","targetHints":{"allow":["GET"]}}],"collection":[{"href":"https:\/\/bloneca.com\/index.php\/wp-json\/wp\/v2\/pages"}],"about":[{"href":"https:\/\/bloneca.com\/index.php\/wp-json\/wp\/v2\/types\/page"}],"author":[{"embeddable":true,"href":"https:\/\/bloneca.com\/index.php\/wp-json\/wp\/v2\/users\/1"}],"replies":[{"embeddable":true,"href":"https:\/\/bloneca.com\/index.php\/wp-json\/wp\/v2\/comments?post=57"}],"version-history":[{"count":0,"href":"https:\/\/bloneca.com\/index.php\/wp-json\/wp\/v2\/pages\/57\/revisions"}],"wp:attachment":[{"href":"https:\/\/bloneca.com\/index.php\/wp-json\/wp\/v2\/media?parent=57"}],"curies":[{"name":"wp","href":"https:\/\/api.w.org\/{rel}","templated":true}]}}